{"id":3749,"date":"2018-07-13T12:34:33","date_gmt":"2018-07-13T12:34:33","guid":{"rendered":"http:\/\/relaunch.shakkei.at\/de\/?page_id=3749"},"modified":"2018-07-24T12:38:42","modified_gmt":"2018-07-24T12:38:42","slug":"neuigkeiten","status":"publish","type":"page","link":"https:\/\/www.shakkei.at\/de\/neuigkeiten\/","title":{"rendered":"Neuigkeiten"},"content":{"rendered":"\n<style type=\"text\/css\" data-created_by=\"avia_inline_auto\" id=\"style-css-av-2we0dx-5c1dd95c0d24c93e3411aea4a4d31678\">\n.flex_column.av-2we0dx-5c1dd95c0d24c93e3411aea4a4d31678{\n-webkit-border-radius:0px 0px 0px 0px;\n-moz-border-radius:0px 0px 0px 0px;\nborder-radius:0px 0px 0px 0px;\n}\n<\/style>\n<div class='flex_column av-2we0dx-5c1dd95c0d24c93e3411aea4a4d31678 av_one_full  avia-builder-el-0  avia-builder-el-no-sibling  first flex_column_div av-zero-column-padding '     ><div  class='av-alb-blogposts template-blog  av-blog-meta-author-disabled av-blog-meta-comments-disabled av-blog-meta-category-disabled av-blog-meta-html-info-disabled av-blog-meta-tag-disabled '  itemscope=\"itemscope\" itemtype=\"https:\/\/schema.org\/Blog\" ><article class=\"post-entry post-entry-type-standard post-entry-8660 post-loop-1 post-parity-odd single-big with-slider post-8660 post type-post status-publish format-standard has-post-thumbnail hentry category-blog category-news-de tag-blog tag-event tag-nachhaltig-einkaufen tag-shopping\"  itemscope=\"itemscope\" itemtype=\"https:\/\/schema.org\/BlogPosting\" ><div class=\"blog-meta\"><\/div><div class='entry-content-wrapper clearfix standard-content'><header class=\"entry-content-header\"><div class=\"av-heading-wrapper\"><h2 class='post-title entry-title '  itemprop=\"headline\" ><a href=\"https:\/\/www.shakkei.at\/de\/blog\/time4africa-sneak-preview-2026\/\" rel=\"bookmark\" title=\"Permanenter Link zu: time4africa SNEAK PREVIEW Spring\/Summer 2026\">time4africa SNEAK PREVIEW Spring\/Summer 2026<span class=\"post-format-icon minor-meta\"><\/span><\/a><\/h2><span class=\"blog-categories minor-meta\"><a href=\"https:\/\/www.shakkei.at\/de\/blog\/category\/blog\/\" rel=\"tag\">Blog<\/a>, <a href=\"https:\/\/www.shakkei.at\/de\/blog\/category\/b2b\/news-de\/\" rel=\"tag\">News-DE<\/a><\/span><\/div><\/header><span class=\"av-vertical-delimiter\"><\/span><div class=\"big-preview single-big\"  itemprop=\"image\" itemscope=\"itemscope\" itemtype=\"https:\/\/schema.org\/ImageObject\" ><a href=\"https:\/\/www.shakkei.at\/de\/blog\/time4africa-sneak-preview-2026\/\"  title=\"T4A Shakkei Spring Summer 26\" ><img width=\"428\" height=\"423\" src=\"https:\/\/www.shakkei.at\/wp-content\/uploads\/2026\/02\/T4A-Shakkei-Spring-Summer-26-428x423.png\" class=\"wp-image-8657 avia-img-lazy-loading-not-8657 attachment-entry_without_sidebar size-entry_without_sidebar wp-post-image\" alt=\"\" srcset=\"https:\/\/www.shakkei.at\/wp-content\/uploads\/2026\/02\/T4A-Shakkei-Spring-Summer-26-428x423.png 428w, https:\/\/www.shakkei.at\/wp-content\/uploads\/2026\/02\/T4A-Shakkei-Spring-Summer-26-36x36.png 36w\" sizes=\"(max-width: 428px) 100vw, 428px\" \/><\/a><\/div><div class=\"entry-content\"  itemprop=\"text\" ><p>Neue Stoffe, neue Schnitte und pers\u00f6nliche Beratung von Designerin Imma Baumgartner. Time4Africa l\u00e4dt zum Sneak Preview der neuen Spring\/Summer Kollektion in den Shakkei Design Store.<\/p>\n<p>Kommt am Donnerstag, den 5. oder Freitag, den 6. M\u00e4rz vorbei und shoppt in gem\u00fctlicher Atmosph\u00e4re mit einem Gl\u00e4schen Sekt! An beiden Tagen sind wir von 14 bis 19 Uhr f\u00fcr euch da.<\/p>\n<p><img class=\"aligncenter wp-image-8657 size-full\" src=\"https:\/\/www.shakkei.at\/wp-content\/uploads\/2026\/02\/T4A-Shakkei-Spring-Summer-26.png\" alt=\"\" width=\"428\" height=\"574\" srcset=\"https:\/\/www.shakkei.at\/wp-content\/uploads\/2026\/02\/T4A-Shakkei-Spring-Summer-26.png 428w, https:\/\/www.shakkei.at\/wp-content\/uploads\/2026\/02\/T4A-Shakkei-Spring-Summer-26-224x300.png 224w, https:\/\/www.shakkei.at\/wp-content\/uploads\/2026\/02\/T4A-Shakkei-Spring-Summer-26-60x80.png 60w\" sizes=\"(max-width: 428px) 100vw, 428px\" \/><\/p>\n<\/div><span class=\"post-meta-infos\"><time class=\"date-container minor-meta updated\"  itemprop=\"datePublished\" datetime=\"2026-02-25T13:19:21+01:00\" >25. Februar 2026<\/time><\/span><footer class=\"entry-footer\"><\/footer><div class='post_delimiter'><\/div><\/div><div class=\"post_author_timeline\"><\/div><span class='hidden'>\n\t\t\t\t<span class='av-structured-data'  itemprop=\"image\" itemscope=\"itemscope\" itemtype=\"https:\/\/schema.org\/ImageObject\" >\n\t\t\t\t\t\t<span itemprop='url'>https:\/\/www.shakkei.at\/wp-content\/uploads\/2026\/02\/T4A-Shakkei-Spring-Summer-26.png<\/span>\n\t\t\t\t\t\t<span itemprop='height'>574<\/span>\n\t\t\t\t\t\t<span itemprop='width'>428<\/span>\n\t\t\t\t<\/span>\n\t\t\t\t<span class='av-structured-data'  itemprop=\"publisher\" itemtype=\"https:\/\/schema.org\/Organization\" itemscope=\"itemscope\" >\n\t\t\t\t\t\t<span itemprop='name'>Shakkei-Admin<\/span>\n\t\t\t\t\t\t<span itemprop='logo' itemscope itemtype='https:\/\/schema.org\/ImageObject'>\n\t\t\t\t\t\t\t<span itemprop='url'>https:\/\/www.shakkei.at\/wp-content\/uploads\/2019\/11\/Logo_und_Schrift-1.png<\/span>\n\t\t\t\t\t\t <\/span>\n\t\t\t\t<\/span><span class='av-structured-data'  itemprop=\"author\" itemscope=\"itemscope\" itemtype=\"https:\/\/schema.org\/Person\" ><span itemprop='name'>Shakkei-Admin<\/span><\/span><span class='av-structured-data'  itemprop=\"datePublished\" datetime=\"2026-02-25T13:19:21+01:00\" >2026-02-25 13:19:21<\/span><span class='av-structured-data'  itemprop=\"dateModified\" itemtype=\"https:\/\/schema.org\/dateModified\" >2026-02-25 13:22:15<\/span><span class='av-structured-data'  itemprop=\"mainEntityOfPage\" itemtype=\"https:\/\/schema.org\/mainEntityOfPage\" ><span itemprop='name'>time4africa SNEAK PREVIEW Spring\/Summer 2026<\/span><\/span><\/span><\/article><article class=\"post-entry post-entry-type-standard post-entry-8592 post-loop-2 post-parity-even single-big  post-8592 post type-post status-publish format-standard hentry category-blog category-news-de tag-interaction-design tag-ixdf\"  itemscope=\"itemscope\" itemtype=\"https:\/\/schema.org\/BlogPosting\" ><div class=\"blog-meta\"><\/div><div class='entry-content-wrapper clearfix standard-content'><header class=\"entry-content-header\"><div class=\"av-heading-wrapper\"><h2 class='post-title entry-title '  itemprop=\"headline\" ><a href=\"https:\/\/www.shakkei.at\/de\/blog\/von-stoffabfaellen-zu-nutzerengagement\/\" rel=\"bookmark\" title=\"Permanenter Link zu: Von Stoffabf\u00e4llen zu Nutzerengagement: Wie die IxDF meine gamifizierte Zero-Waste-Modeausstellung inspiriert hat\">Von Stoffabf\u00e4llen zu Nutzerengagement: Wie die IxDF meine gamifizierte Zero-Waste-Modeausstellung inspiriert hat<span class=\"post-format-icon minor-meta\"><\/span><\/a><\/h2><span class=\"blog-categories minor-meta\"><a href=\"https:\/\/www.shakkei.at\/de\/blog\/category\/blog\/\" rel=\"tag\">Blog<\/a>, <a href=\"https:\/\/www.shakkei.at\/de\/blog\/category\/b2b\/news-de\/\" rel=\"tag\">News-DE<\/a><\/span><\/div><\/header><span class=\"av-vertical-delimiter\"><\/span><div class=\"entry-content\"  itemprop=\"text\" ><p>Ich habe Mode schon immer als eine M\u00f6glichkeit gesehen, Geschichten zu erz\u00e4hlen \u2013 \u00fcber Identit\u00e4t, Handwerkskunst und die Werte, die unsere Welt pr\u00e4gen. Aber in den letzten Jahren begann ich zu sp\u00fcren, dass Storytelling allein nicht ausreicht. Ich wollte Erlebnisse schaffen, die nicht nur nachhaltige Mode zeigen, sondern den Menschen auch deren Dringlichkeit und Sch\u00f6nheit vermitteln. Dieser Wunsch f\u00fchrte mich zur Interaction Design Foundation (IxDF), und was folgte, war \u00a0eine Transformation \u2013 nicht nur in meinem kreativen Prozess, sondern auch in meiner beruflichen Identit\u00e4t.<\/p>\n<p>Dazu habe ich einen Artikel auf Englisch verfasst, den ihr hier lesen k\u00f6nnt:<\/p>\n<p><a href=\"https:\/\/www.shakkei.at\/en\/blog\/from-fabric-waste-to-user-engagement\/\">From Fabric Waste to User Engagement: How IxDF Inspired My Gamified Zero-Waste Fashion Exhibition<\/a><\/p>\n<\/div><span class=\"post-meta-infos\"><time class=\"date-container minor-meta updated\"  itemprop=\"datePublished\" datetime=\"2025-10-20T16:04:03+02:00\" >20. Oktober 2025<\/time><\/span><footer class=\"entry-footer\"><\/footer><div class='post_delimiter'><\/div><\/div><div class=\"post_author_timeline\"><\/div><span class='hidden'>\n\t\t\t\t<span class='av-structured-data'  itemprop=\"image\" itemscope=\"itemscope\" itemtype=\"https:\/\/schema.org\/ImageObject\" >\n\t\t\t\t\t\t<span itemprop='url'>https:\/\/www.shakkei.at\/wp-content\/uploads\/2019\/11\/Logo_und_Schrift-1.png<\/span>\n\t\t\t\t\t\t<span itemprop='height'>0<\/span>\n\t\t\t\t\t\t<span itemprop='width'>0<\/span>\n\t\t\t\t<\/span>\n\t\t\t\t<span class='av-structured-data'  itemprop=\"publisher\" itemtype=\"https:\/\/schema.org\/Organization\" itemscope=\"itemscope\" >\n\t\t\t\t\t\t<span itemprop='name'>Shakkei-Admin<\/span>\n\t\t\t\t\t\t<span itemprop='logo' itemscope itemtype='https:\/\/schema.org\/ImageObject'>\n\t\t\t\t\t\t\t<span itemprop='url'>https:\/\/www.shakkei.at\/wp-content\/uploads\/2019\/11\/Logo_und_Schrift-1.png<\/span>\n\t\t\t\t\t\t <\/span>\n\t\t\t\t<\/span><span class='av-structured-data'  itemprop=\"author\" itemscope=\"itemscope\" itemtype=\"https:\/\/schema.org\/Person\" ><span itemprop='name'>Shakkei-Admin<\/span><\/span><span class='av-structured-data'  itemprop=\"datePublished\" datetime=\"2025-10-20T16:04:03+02:00\" >2025-10-20 16:04:03<\/span><span class='av-structured-data'  itemprop=\"dateModified\" itemtype=\"https:\/\/schema.org\/dateModified\" >2025-10-20 16:05:02<\/span><span class='av-structured-data'  itemprop=\"mainEntityOfPage\" itemtype=\"https:\/\/schema.org\/mainEntityOfPage\" ><span itemprop='name'>Von Stoffabf\u00e4llen zu Nutzerengagement: Wie die IxDF meine gamifizierte Zero-Waste-Modeausstellung inspiriert hat<\/span><\/span><\/span><\/article><article class=\"post-entry post-entry-type-standard post-entry-8475 post-loop-3 post-parity-odd post-entry-last single-big with-slider post-8475 post type-post status-publish format-standard has-post-thumbnail hentry category-blog category-news-de tag-fashion-illustration tag-illustrationskurs tag-kurs tag-neues tag-sommerkurs tag-workshop\"  itemscope=\"itemscope\" itemtype=\"https:\/\/schema.org\/BlogPosting\" ><div class=\"blog-meta\"><\/div><div class='entry-content-wrapper clearfix standard-content'><header class=\"entry-content-header\"><div class=\"av-heading-wrapper\"><h2 class='post-title entry-title '  itemprop=\"headline\" ><a href=\"https:\/\/www.shakkei.at\/de\/blog\/fashion-illustration-kurs\/\" rel=\"bookmark\" title=\"Permanenter Link zu: Unser erster Fashion Illustration Kurs!\">Unser erster Fashion Illustration Kurs!<span class=\"post-format-icon minor-meta\"><\/span><\/a><\/h2><span class=\"blog-categories minor-meta\"><a href=\"https:\/\/www.shakkei.at\/de\/blog\/category\/blog\/\" rel=\"tag\">Blog<\/a>, <a href=\"https:\/\/www.shakkei.at\/de\/blog\/category\/b2b\/news-de\/\" rel=\"tag\">News-DE<\/a><\/span><\/div><\/header><span class=\"av-vertical-delimiter\"><\/span><div class=\"big-preview single-big\"  itemprop=\"image\" itemscope=\"itemscope\" itemtype=\"https:\/\/schema.org\/ImageObject\" ><a href=\"https:\/\/www.shakkei.at\/de\/blog\/fashion-illustration-kurs\/\"  title=\"Illustrationskurs (45)\" ><img width=\"1080\" height=\"423\" src=\"https:\/\/www.shakkei.at\/wp-content\/uploads\/2025\/05\/Illustrationskurs-45-1080x423.png\" class=\"wp-image-8476 avia-img-lazy-loading-not-8476 attachment-entry_without_sidebar size-entry_without_sidebar wp-post-image\" alt=\"\" \/><\/a><\/div><div class=\"entry-content\"  itemprop=\"text\" ><h2>Du interessierst dich f\u00fcr Mode und zeichnest gerne? Du m\u00f6chtest praxisnah lernen, wie man Mode illustrieren kann? Egal, ob du noch nie einen Stift in der Hand hattest, oder schon lange illustrierst \u2014 wir steigen genau da ein, wo du es brauchst!<\/h2>\n<p>Gemeinsam mit <a href=\"https:\/\/www.shakkei.at\/de\/ueber-shakkei\/\">Gabriel Baradee<\/a> &amp; <a href=\"https:\/\/www.evelingrubbauer.com\">Evelin Grubbauer<\/a> lernst du in einer kleinen Gruppe genau die Tricks &amp; Geheimnisse, die Modedesigner:innen im Alltag verwenden. Ob du den Einstieg in die Welt der Modeillustration suchst, oder lernen willst, wie du bestimmte Techniken meistern kannst, wir gehen auf deine W\u00fcnsche ein!<\/p>\n<h3>Termine, jeweils von 10-16:30 Uhr:<\/h3>\n<ul>\n<li>KURS 1: Mittwoch, 2. Juli 2025<\/li>\n<li>KURS 2: Sonntag, 6. Juli 2025<\/li>\n<li>KURS 3: Mittwoch, 9. Juli 2025<span class=\"Apple-converted-space\">\u00a0<\/span><\/li>\n<\/ul>\n<h3>Preis je Kurs:<\/h3>\n<p>156\u20ac\/Person (inkl. USt.), inklusive Kursmaterial<\/p>\n<p>(Vorauskassa; bis 14 Tage vor dem Termin vollst\u00e4ndig stornierbar, danach 50% R\u00fcckerstattung)<\/p>\n<h3>Ort:<\/h3>\n<p>Shakkei Design Store<\/p>\n<p>Burggasse 43-45,<\/p>\n<p>1070 Wien<\/p>\n<h3>Buchung:<\/h3>\n<p>Buche \u00fcber unseren <a href=\"https:\/\/www.shakkei.at\/de\/online-shops\/\">Online Shop<\/a> oder per E-Mail an <a href=\"&#x6d;&#x61;&#x69;&#x6c;&#x74;&#x6f;&#x3a;&#x73;&#x74;&#x75;&#x64;&#x69;&#x6f;&#x40;&#x73;&#x68;&#x61;&#x6b;&#x6b;&#x65;&#x69;&#x2e;&#x61;&#x74;\">&#115;t&#x75;d&#x69;o&#x40;s&#x68;a&#x6b;k&#x65;&#105;&#x2e;&#97;&#x74;<\/a>.<\/p>\n<h2 style=\"text-align: left;\"><a href=\"https:\/\/www.shopshakkei.at\/shop\/fashion-illustration-workshop\/\"><img class=\"alignnone wp-image-8476 size-large\" src=\"https:\/\/www.shakkei.at\/wp-content\/uploads\/2025\/05\/Illustrationskurs-45-824x1030.png\" alt=\"Flyer f\u00fcr Illustrationskurs mit unterschiedlichen Illustrationen von Gabriel Baradee &amp; Evelin Grubbauer.\" width=\"824\" height=\"1030\" srcset=\"https:\/\/www.shakkei.at\/wp-content\/uploads\/2025\/05\/Illustrationskurs-45-824x1030.png 824w, https:\/\/www.shakkei.at\/wp-content\/uploads\/2025\/05\/Illustrationskurs-45-240x300.png 240w, https:\/\/www.shakkei.at\/wp-content\/uploads\/2025\/05\/Illustrationskurs-45-64x80.png 64w, https:\/\/www.shakkei.at\/wp-content\/uploads\/2025\/05\/Illustrationskurs-45-768x960.png 768w, https:\/\/www.shakkei.at\/wp-content\/uploads\/2025\/05\/Illustrationskurs-45-564x705.png 564w, https:\/\/www.shakkei.at\/wp-content\/uploads\/2025\/05\/Illustrationskurs-45.png 1080w\" sizes=\"(max-width: 824px) 100vw, 824px\" \/><\/a><\/h2>\n<h2 style=\"text-align: left;\"><a href=\"https:\/\/www.shopshakkei.at\/shop\/fashion-illustration-workshop\/\">Hier buchen!<\/a><\/h2>\n<\/div><span class=\"post-meta-infos\"><time class=\"date-container minor-meta updated\"  itemprop=\"datePublished\" datetime=\"2025-05-12T17:51:03+02:00\" >12. Mai 2025<\/time><\/span><footer class=\"entry-footer\"><\/footer><div class='post_delimiter'><\/div><\/div><div class=\"post_author_timeline\"><\/div><span class='hidden'>\n\t\t\t\t<span class='av-structured-data'  itemprop=\"image\" itemscope=\"itemscope\" itemtype=\"https:\/\/schema.org\/ImageObject\" >\n\t\t\t\t\t\t<span itemprop='url'>https:\/\/www.shakkei.at\/wp-content\/uploads\/2025\/05\/Illustrationskurs-45.png<\/span>\n\t\t\t\t\t\t<span itemprop='height'>1350<\/span>\n\t\t\t\t\t\t<span itemprop='width'>1080<\/span>\n\t\t\t\t<\/span>\n\t\t\t\t<span class='av-structured-data'  itemprop=\"publisher\" itemtype=\"https:\/\/schema.org\/Organization\" itemscope=\"itemscope\" >\n\t\t\t\t\t\t<span itemprop='name'>Shakkei-Admin<\/span>\n\t\t\t\t\t\t<span itemprop='logo' itemscope itemtype='https:\/\/schema.org\/ImageObject'>\n\t\t\t\t\t\t\t<span itemprop='url'>https:\/\/www.shakkei.at\/wp-content\/uploads\/2019\/11\/Logo_und_Schrift-1.png<\/span>\n\t\t\t\t\t\t <\/span>\n\t\t\t\t<\/span><span class='av-structured-data'  itemprop=\"author\" itemscope=\"itemscope\" itemtype=\"https:\/\/schema.org\/Person\" ><span itemprop='name'>Shakkei-Admin<\/span><\/span><span class='av-structured-data'  itemprop=\"datePublished\" datetime=\"2025-05-12T17:51:03+02:00\" >2025-05-12 17:51:03<\/span><span class='av-structured-data'  itemprop=\"dateModified\" itemtype=\"https:\/\/schema.org\/dateModified\" >2025-05-12 17:51:03<\/span><span class='av-structured-data'  itemprop=\"mainEntityOfPage\" itemtype=\"https:\/\/schema.org\/mainEntityOfPage\" ><span itemprop='name'>Unser erster Fashion Illustration Kurs!<\/span><\/span><\/span><\/article><div class='single-big'><nav class='pagination'><span class='pagination-meta'>Seite 1 von 14<\/span><span class='current'>1<\/span><a href='https:\/\/www.shakkei.at\/de\/wp-json\/wp\/v2\/pages\/3749\/page\/2\/' class='inactive next_page' >2<\/a><a href='https:\/\/www.shakkei.at\/de\/wp-json\/wp\/v2\/pages\/3749\/page\/3\/' class='inactive' >3<\/a><a href='https:\/\/www.shakkei.at\/de\/wp-json\/wp\/v2\/pages\/3749\/page\/2\/'>&rsaquo;<\/a><a href='https:\/\/www.shakkei.at\/de\/wp-json\/wp\/v2\/pages\/3749\/page\/14\/'>&raquo;<\/a><\/nav>\n<\/div><\/div><\/div>\n","protected":false},"excerpt":{"rendered":"","protected":false},"author":1,"featured_media":0,"parent":0,"menu_order":5,"comment_status":"closed","ping_status":"closed","template":"","meta":[],"yoast_head":"<!-- This site is optimized with the Yoast SEO plugin v19.3 - https:\/\/yoast.com\/wordpress\/plugins\/seo\/ -->\n<title>Neuigkeiten - Shakkei<\/title>\n<meta name=\"robots\" content=\"index, follow, max-snippet:-1, max-image-preview:large, max-video-preview:-1\" \/>\n<link rel=\"canonical\" href=\"https:\/\/www.shakkei.at\/de\/neuigkeiten\/\" \/>\n<meta property=\"og:locale\" content=\"de_DE\" \/>\n<meta property=\"og:type\" content=\"article\" \/>\n<meta property=\"og:title\" content=\"Neuigkeiten - Shakkei\" \/>\n<meta property=\"og:url\" content=\"https:\/\/www.shakkei.at\/de\/neuigkeiten\/\" \/>\n<meta property=\"og:site_name\" content=\"Shakkei\" \/>\n<meta property=\"article:publisher\" content=\"https:\/\/www.facebook.com\/shakkei\" \/>\n<meta property=\"article:modified_time\" content=\"2018-07-24T12:38:42+00:00\" \/>\n<meta property=\"og:image\" content=\"https:\/\/www.shakkei.at\/wp-content\/uploads\/2018\/06\/shakkei_store2016.jpg\" \/>\n\t<meta property=\"og:image:width\" content=\"3264\" \/>\n\t<meta property=\"og:image:height\" content=\"2289\" \/>\n\t<meta property=\"og:image:type\" content=\"image\/jpeg\" \/>\n<meta name=\"twitter:card\" content=\"summary_large_image\" \/>\n<meta name=\"twitter:label1\" content=\"Gesch\u00e4tzte Lesezeit\" \/>\n\t<meta name=\"twitter:data1\" content=\"1 Minute\" \/>\n<script type=\"application\/ld+json\" class=\"yoast-schema-graph\">{\"@context\":\"https:\/\/schema.org\",\"@graph\":[{\"@type\":\"Organization\",\"@id\":\"https:\/\/www.shakkei.at\/de\/#organization\",\"name\":\"Shakkei\",\"url\":\"https:\/\/www.shakkei.at\/de\/\",\"sameAs\":[\"https:\/\/www.instagram.com\/shakkei.fashion\/\",\"https:\/\/www.pinterest.at\/shakkei\/\",\"https:\/\/www.youtube.com\/gabrielbaradee\",\"https:\/\/www.facebook.com\/shakkei\"],\"logo\":{\"@type\":\"ImageObject\",\"inLanguage\":\"de-DE\",\"@id\":\"https:\/\/www.shakkei.at\/de\/#\/schema\/logo\/image\/\",\"url\":\"https:\/\/www.shakkei.at\/wp-content\/uploads\/2018\/06\/shakkei-logo.jpg\",\"contentUrl\":\"https:\/\/www.shakkei.at\/wp-content\/uploads\/2018\/06\/shakkei-logo.jpg\",\"width\":1299,\"height\":1602,\"caption\":\"Shakkei\"},\"image\":{\"@id\":\"https:\/\/www.shakkei.at\/de\/#\/schema\/logo\/image\/\"}},{\"@type\":\"WebSite\",\"@id\":\"https:\/\/www.shakkei.at\/de\/#website\",\"url\":\"https:\/\/www.shakkei.at\/de\/\",\"name\":\"Shakkei\",\"description\":\"Nachhaltige Mode | Sustainable Fashion | Made in Austria and EU.\",\"publisher\":{\"@id\":\"https:\/\/www.shakkei.at\/de\/#organization\"},\"potentialAction\":[{\"@type\":\"SearchAction\",\"target\":{\"@type\":\"EntryPoint\",\"urlTemplate\":\"https:\/\/www.shakkei.at\/de\/?s={search_term_string}\"},\"query-input\":\"required name=search_term_string\"}],\"inLanguage\":\"de-DE\"},{\"@type\":\"WebPage\",\"@id\":\"https:\/\/www.shakkei.at\/de\/neuigkeiten\/\",\"url\":\"https:\/\/www.shakkei.at\/de\/neuigkeiten\/\",\"name\":\"Neuigkeiten - Shakkei\",\"isPartOf\":{\"@id\":\"https:\/\/www.shakkei.at\/de\/#website\"},\"datePublished\":\"2018-07-13T12:34:33+00:00\",\"dateModified\":\"2018-07-24T12:38:42+00:00\",\"breadcrumb\":{\"@id\":\"https:\/\/www.shakkei.at\/de\/neuigkeiten\/#breadcrumb\"},\"inLanguage\":\"de-DE\",\"potentialAction\":[{\"@type\":\"ReadAction\",\"target\":[\"https:\/\/www.shakkei.at\/de\/neuigkeiten\/\"]}]},{\"@type\":\"BreadcrumbList\",\"@id\":\"https:\/\/www.shakkei.at\/de\/neuigkeiten\/#breadcrumb\",\"itemListElement\":[{\"@type\":\"ListItem\",\"position\":1,\"name\":\"Startseite\",\"item\":\"https:\/\/www.shakkei.at\/de\/home\/\"},{\"@type\":\"ListItem\",\"position\":2,\"name\":\"Neuigkeiten\"}]}]}<\/script>\n<!-- \/ Yoast SEO plugin. -->","yoast_head_json":{"title":"Neuigkeiten - Shakkei","robots":{"index":"index","follow":"follow","max-snippet":"max-snippet:-1","max-image-preview":"max-image-preview:large","max-video-preview":"max-video-preview:-1"},"canonical":"https:\/\/www.shakkei.at\/de\/neuigkeiten\/","og_locale":"de_DE","og_type":"article","og_title":"Neuigkeiten - Shakkei","og_url":"https:\/\/www.shakkei.at\/de\/neuigkeiten\/","og_site_name":"Shakkei","article_publisher":"https:\/\/www.facebook.com\/shakkei","article_modified_time":"2018-07-24T12:38:42+00:00","og_image":[{"width":3264,"height":2289,"url":"https:\/\/www.shakkei.at\/wp-content\/uploads\/2018\/06\/shakkei_store2016.jpg","type":"image\/jpeg"}],"twitter_card":"summary_large_image","twitter_misc":{"Gesch\u00e4tzte Lesezeit":"1 Minute"},"schema":{"@context":"https:\/\/schema.org","@graph":[{"@type":"Organization","@id":"https:\/\/www.shakkei.at\/de\/#organization","name":"Shakkei","url":"https:\/\/www.shakkei.at\/de\/","sameAs":["https:\/\/www.instagram.com\/shakkei.fashion\/","https:\/\/www.pinterest.at\/shakkei\/","https:\/\/www.youtube.com\/gabrielbaradee","https:\/\/www.facebook.com\/shakkei"],"logo":{"@type":"ImageObject","inLanguage":"de-DE","@id":"https:\/\/www.shakkei.at\/de\/#\/schema\/logo\/image\/","url":"https:\/\/www.shakkei.at\/wp-content\/uploads\/2018\/06\/shakkei-logo.jpg","contentUrl":"https:\/\/www.shakkei.at\/wp-content\/uploads\/2018\/06\/shakkei-logo.jpg","width":1299,"height":1602,"caption":"Shakkei"},"image":{"@id":"https:\/\/www.shakkei.at\/de\/#\/schema\/logo\/image\/"}},{"@type":"WebSite","@id":"https:\/\/www.shakkei.at\/de\/#website","url":"https:\/\/www.shakkei.at\/de\/","name":"Shakkei","description":"Nachhaltige Mode | Sustainable Fashion | Made in Austria and EU.","publisher":{"@id":"https:\/\/www.shakkei.at\/de\/#organization"},"potentialAction":[{"@type":"SearchAction","target":{"@type":"EntryPoint","urlTemplate":"https:\/\/www.shakkei.at\/de\/?s={search_term_string}"},"query-input":"required name=search_term_string"}],"inLanguage":"de-DE"},{"@type":"WebPage","@id":"https:\/\/www.shakkei.at\/de\/neuigkeiten\/","url":"https:\/\/www.shakkei.at\/de\/neuigkeiten\/","name":"Neuigkeiten - Shakkei","isPartOf":{"@id":"https:\/\/www.shakkei.at\/de\/#website"},"datePublished":"2018-07-13T12:34:33+00:00","dateModified":"2018-07-24T12:38:42+00:00","breadcrumb":{"@id":"https:\/\/www.shakkei.at\/de\/neuigkeiten\/#breadcrumb"},"inLanguage":"de-DE","potentialAction":[{"@type":"ReadAction","target":["https:\/\/www.shakkei.at\/de\/neuigkeiten\/"]}]},{"@type":"BreadcrumbList","@id":"https:\/\/www.shakkei.at\/de\/neuigkeiten\/#breadcrumb","itemListElement":[{"@type":"ListItem","position":1,"name":"Startseite","item":"https:\/\/www.shakkei.at\/de\/home\/"},{"@type":"ListItem","position":2,"name":"Neuigkeiten"}]}]}},"_links":{"self":[{"href":"https:\/\/www.shakkei.at\/de\/wp-json\/wp\/v2\/pages\/3749"}],"collection":[{"href":"https:\/\/www.shakkei.at\/de\/wp-json\/wp\/v2\/pages"}],"about":[{"href":"https:\/\/www.shakkei.at\/de\/wp-json\/wp\/v2\/types\/page"}],"author":[{"embeddable":true,"href":"https:\/\/www.shakkei.at\/de\/wp-json\/wp\/v2\/users\/1"}],"replies":[{"embeddable":true,"href":"https:\/\/www.shakkei.at\/de\/wp-json\/wp\/v2\/comments?post=3749"}],"version-history":[{"count":0,"href":"https:\/\/www.shakkei.at\/de\/wp-json\/wp\/v2\/pages\/3749\/revisions"}],"wp:attachment":[{"href":"https:\/\/www.shakkei.at\/de\/wp-json\/wp\/v2\/media?parent=3749"}],"curies":[{"name":"wp","href":"https:\/\/api.w.org\/{rel}","templated":true}]}}